{"id":762,"date":"2021-02-03T12:11:00","date_gmt":"2021-02-03T12:11:00","guid":{"rendered":"http:\/\/neu.aeon.it.pepe.koerbler.com\/impressum\/"},"modified":"2026-02-27T12:21:55","modified_gmt":"2026-02-27T12:21:55","slug":"impressum","status":"publish","type":"page","link":"https:\/\/www.aeon.it\/it\/impressum\/","title":{"rendered":"Chi siamo"},"content":{"rendered":"\n<div style=\"height:100px\" aria-hidden=\"true\" class=\"wp-block-spacer\"><\/div>\n\n\n\n<h3 class=\"wp-block-heading\">Proprietario dei media<\/h3>\n\n\n\n<p><br>AEON Hotel<br>Ramoser sas di Ramoser Max e C.<\/p>\n\n\n\n<p>Vai della Diga 8<br>39054 Renon Soprabolzano<br>Italia<br>T. +39 04711800907<br><a href=\"mailto:info@aeon.itt\">info@aeon.it<\/a><br>Partita IVA: 02951230214<br>CODICE DESTINATARIO: P62QHVQ<br>CIN: IT021072A14YM78PHV<br><\/p>\n\n\n\n<p><strong>Amministratore delegato<\/strong><br>Max Ramoser<\/p>\n\n\n\n<h3 class=\"wp-block-heading\"><br>1. Esclusione di responsabilit\u00e0<\/h3>\n\n\n\n<p>Il contenuto offertu qui sono a scopo informativo generale. Non ci assumiamo alcuna responsabilit\u00e0 per la correttezza, attualit\u00e0, completezza e disponibilit\u00e0 delle informazioni \/ servizi offerti. Essi non possono sostituire una consulenza legale completa. Se dovesse aver bisogno di una consulenza specifica, la preghiamo di contattare un esperto. I riferimenti ad altre offerte Internet sono stati accuratamente selezionati. Tuttavia, il loro contenuto, correttezza, attualit\u00e0, completezza e disponibilit\u00e0 sono fuori dal nostro controllo. Non ci assumiamo alcuna responsabilit\u00e0 per i moduli scaricabili, &nbsp;e soprattutto per la loro attualit\u00e0, idoneit\u00e0 per uno scopo specific, e sicurezza da virus. Ci riserviamo il diritto di modificare, integrare o eliminare le informazioni \/ servizi qui offerti in qualsiasi momento e senza preavviso o di interrompere completamente o temporaneamente l\u2019accesso al sito internet. Ci impegnamo a ridurre al minimo problemi legati all\u2019accesso alle informazioni\/ servizi dovuti a interruzioni o a incompatibilit\u00e0. Tuttavia, non si pu\u00f2 escludere che i dati e le informazioni sul nostro sito internet non vengano visualizzati &nbsp;in modo corretto. Non ci assumiamo alcuna responsabilit\u00e0 se il nostro servizio dovesse essere interrotto o compromesso da interruzioni.<\/p>\n\n\n\n<h3 class=\"wp-block-heading\"><br>2. Propriet\u00e0 intellettuale<\/h3>\n\n\n\n<p>Tutti i contenuti, il layout e qualsiasi sequenza audio e video sono protetti da copyright. Tutti I diritti sono riservati al detentore del copyright.. Non possono essere apportate modifiche. Un utilizzo pubblico delle informazioni \/ dei servizi pu\u00f2 avvenire solo con il nostro consenso e nominando e rendendo visibile la fonte. Il semplice collegamento ai nostri contenuti&nbsp; attraverso un riferimento simultaneo alla fonte pu\u00f2 essere effettuato liberamente da tutti e non richiede alcun permesso speciale.<\/p>\n\n\n\n<h3 class=\"wp-block-heading\"><br>3. Disposizioni finali<\/h3>\n\n\n\n<p>Per l\u2019utilizzo delle informazioni\/servizi si applica esclusivamente la legge austriaca. Se parti o singole formulazioni di questo testo non corrispondono, non corrispondono pi\u00f9 o non corrispondono completamente alla situazione giuridica attuale, le parti rimanenti rimangono inalterate nel loro contenuto e validit\u00e0. Invece di una disposizione inefficace o per colmare una lacuna, viene applicata una regolamentazione appropriata e legalmente ammissibile che si avvicina di pi\u00f9 a ci\u00f2 che sarebbe stato inteso in base al significato e allo scopo di questi termini di utilizzo se l&#8217;invalidit\u00e0 parziale o la lacuna fossero state note.<br><br><\/p>\n\n\n\n<p>Design:&nbsp;<a href=\"https:\/\/www.dieagenturlux.at\/\" target=\"_blank\" rel=\"noreferrer noopener\">Die Agentur Lux<\/a>, Benjamin H\u00f6sel<br>Concetto e wording:&nbsp;<a href=\"https:\/\/www.girlswithamind.com\/\" target=\"_blank\" rel=\"noreferrer noopener\">GWAM \u2013 Grils with a mind<\/a><br>realizzazione tecnica&nbsp;koerbler.com<br>Foto: unsplash.com, stocksy, AEON<\/p>\n\n\n\n<p><\/p>\n\n\n\n<p><\/p>\n\n\n\n<p>Digital Marketing &amp; Marketing Automation per Hotel<\/p>\n\n\n\n<p>ADDITIVE Srl<\/p>\n\n\n\n<p><em>Game changing hospitality marketing on autopilot<\/em><\/p>\n\n\n\n<p>Zona Industriale 1\/5 &#8211; Eurocenter<\/p>\n\n\n\n<p>I &#8211; 39011 Lana<\/p>\n\n\n\n<p>Alto Adige \/ Italia<\/p>\n\n\n\n<p>Tel +39 0473 538800<\/p>\n\n\n\n<p>E-Mail info@additive.eu<\/p>\n\n\n\n<p><a href=\"https:\/\/www.additive.eu\/en\">www.additive.eu<\/a><\/p>\n\n\n\n<p>Dal 2005 ADDITIVE, in qualit\u00e0 di <a href=\"https:\/\/www.additive.eu\/en\">agenzia hotel marketing<\/a> supporta aziende rinomate nel <a href=\"https:\/\/www.additive.eu\/en\/hotel-marketing-software-automation\/online-marketing-hotel.html\">hotel web marketing<\/a> con il primo sistema di marketing online basato sui dati e sull&#8217;automazione del marketing sviluppato su misura per gli hotel. Il risultato sono pi\u00f9 prenotazioni dirette, nonch\u00e9 un migliore risultato di marketing e sales, grazie agli <a href=\"https:\/\/www.additive.eu\/en\/hotel-marketing-software-automation\/marketing-crm-software-hotels.html\">innovativi hotel marketing software<\/a> nei campi dell&#8217;<a href=\"https:\/\/www.additive.eu\/en\/hotel-marketing-software-automation\/hotel-marketing-automation-crm-software.html\">automazione del marketing per hotel con ADDITIVE+ MARKETING AUTOMATION<\/a> l&#8217;innovativo <a href=\"https:\/\/www.additive.eu\/en\/hotel-marketing-software-automation\/hotel-newsletter-software.html\">sistema di newsletter ADDITIVE+ NEWSLETTER<\/a> e il <a href=\"https:\/\/www.additive.eu\/en\/hotel-marketing-software-automation\/hotel-voucher-software.html\">sistema di voucher ADDITIVE+ BUONI REGALO<\/a>.<\/p>\n\n\n\n<p>La protezione dei dati e la conformit\u00e0 alla GDPR sono di fondamentale importanza per ADDITIVE nello sviluppo di nuove soluzioni software; ulteriori informazioni sono disponibili su questo sito web nella sezione Privacy o Protezione dei dati.<\/p>\n","protected":false},"excerpt":{"rendered":"<p>Proprietario dei media AEON HotelRamoser sas di Ramoser Max e C. Vai della Diga 839054 Renon SoprabolzanoItaliaT. +39 04711800907info@aeon.itPartita IVA: 02951230214CODICE DESTINATARIO: P62QHVQCIN: IT021072A14YM78PHV Amministratore delegatoMax Ramoser 1. Esclusione di responsabilit\u00e0 Il contenuto offertu qui sono a scopo informativo generale. Non ci assumiamo alcuna responsabilit\u00e0 per la correttezza, attualit\u00e0, completezza e disponibilit\u00e0 delle informazioni \/&#8230;<\/p>\n","protected":false},"author":1,"featured_media":0,"parent":0,"menu_order":0,"comment_status":"closed","ping_status":"closed","template":"","meta":{"footnotes":""},"class_list":["post-762","page","type-page","status-publish","hentry"],"acf":[],"yoast_head":"<!-- This site is optimized with the Yoast SEO plugin v21.6 - https:\/\/yoast.com\/wordpress\/plugins\/seo\/ -->\n<title>Chi siamo - AEON<\/title>\n<meta name=\"robots\" content=\"index, follow, max-snippet:-1, max-image-preview:large, max-video-preview:-1\" \/>\n<link rel=\"canonical\" href=\"https:\/\/www.aeon.it\/it\/impressum\/\" \/>\n<meta property=\"og:locale\" content=\"it_IT\" \/>\n<meta property=\"og:type\" content=\"article\" \/>\n<meta property=\"og:title\" content=\"Chi siamo - AEON\" \/>\n<meta property=\"og:description\" content=\"Proprietario dei media AEON HotelRamoser sas di Ramoser Max e C. Vai della Diga 839054 Renon SoprabolzanoItaliaT. +39 04711800907info@aeon.itPartita IVA: 02951230214CODICE DESTINATARIO: P62QHVQCIN: IT021072A14YM78PHV Amministratore delegatoMax Ramoser 1. Esclusione di responsabilit\u00e0 Il contenuto offertu qui sono a scopo informativo generale. Non ci assumiamo alcuna responsabilit\u00e0 per la correttezza, attualit\u00e0, completezza e disponibilit\u00e0 delle informazioni \/...\" \/>\n<meta property=\"og:url\" content=\"https:\/\/www.aeon.it\/it\/impressum\/\" \/>\n<meta property=\"og:site_name\" content=\"AEON\" \/>\n<meta property=\"article:modified_time\" content=\"2026-02-27T12:21:55+00:00\" \/>\n<meta name=\"twitter:card\" content=\"summary_large_image\" \/>\n<meta name=\"twitter:label1\" content=\"Tempo di lettura stimato\" \/>\n\t<meta name=\"twitter:data1\" content=\"4 minuti\" \/>\n<script type=\"application\/ld+json\" class=\"yoast-schema-graph\">{\"@context\":\"https:\/\/schema.org\",\"@graph\":[{\"@type\":\"WebPage\",\"@id\":\"https:\/\/www.aeon.it\/it\/impressum\/\",\"url\":\"https:\/\/www.aeon.it\/it\/impressum\/\",\"name\":\"Chi siamo - AEON\",\"isPartOf\":{\"@id\":\"https:\/\/www.aeon.it\/it\/#website\"},\"datePublished\":\"2021-02-03T12:11:00+00:00\",\"dateModified\":\"2026-02-27T12:21:55+00:00\",\"breadcrumb\":{\"@id\":\"https:\/\/www.aeon.it\/it\/impressum\/#breadcrumb\"},\"inLanguage\":\"it-IT\",\"potentialAction\":[{\"@type\":\"ReadAction\",\"target\":[\"https:\/\/www.aeon.it\/it\/impressum\/\"]}]},{\"@type\":\"BreadcrumbList\",\"@id\":\"https:\/\/www.aeon.it\/it\/impressum\/#breadcrumb\",\"itemListElement\":[{\"@type\":\"ListItem\",\"position\":1,\"name\":\"Home\",\"item\":\"https:\/\/www.aeon.it\/it\/\"},{\"@type\":\"ListItem\",\"position\":2,\"name\":\"Chi siamo\"}]},{\"@type\":\"WebSite\",\"@id\":\"https:\/\/www.aeon.it\/it\/#website\",\"url\":\"https:\/\/www.aeon.it\/it\/\",\"name\":\"AEON\",\"description\":\"\",\"publisher\":{\"@id\":\"https:\/\/www.aeon.it\/it\/#organization\"},\"potentialAction\":[{\"@type\":\"SearchAction\",\"target\":{\"@type\":\"EntryPoint\",\"urlTemplate\":\"https:\/\/www.aeon.it\/it\/?s={search_term_string}\"},\"query-input\":\"required name=search_term_string\"}],\"inLanguage\":\"it-IT\"},{\"@type\":\"Organization\",\"@id\":\"https:\/\/www.aeon.it\/it\/#organization\",\"name\":\"Aeon\",\"url\":\"https:\/\/www.aeon.it\/it\/\",\"logo\":{\"@type\":\"ImageObject\",\"inLanguage\":\"it-IT\",\"@id\":\"https:\/\/www.aeon.it\/it\/#\/schema\/logo\/image\/\",\"url\":\"https:\/\/www.aeon.it\/wp-content\/uploads\/2021\/02\/favicon.png\",\"contentUrl\":\"https:\/\/www.aeon.it\/wp-content\/uploads\/2021\/02\/favicon.png\",\"width\":1000,\"height\":1000,\"caption\":\"Aeon\"},\"image\":{\"@id\":\"https:\/\/www.aeon.it\/it\/#\/schema\/logo\/image\/\"}}]}<\/script>\n<!-- \/ Yoast SEO plugin. -->","yoast_head_json":{"title":"Chi siamo - AEON","robots":{"index":"index","follow":"follow","max-snippet":"max-snippet:-1","max-image-preview":"max-image-preview:large","max-video-preview":"max-video-preview:-1"},"canonical":"https:\/\/www.aeon.it\/it\/impressum\/","og_locale":"it_IT","og_type":"article","og_title":"Chi siamo - AEON","og_description":"Proprietario dei media AEON HotelRamoser sas di Ramoser Max e C. Vai della Diga 839054 Renon SoprabolzanoItaliaT. +39 04711800907info@aeon.itPartita IVA: 02951230214CODICE DESTINATARIO: P62QHVQCIN: IT021072A14YM78PHV Amministratore delegatoMax Ramoser 1. Esclusione di responsabilit\u00e0 Il contenuto offertu qui sono a scopo informativo generale. Non ci assumiamo alcuna responsabilit\u00e0 per la correttezza, attualit\u00e0, completezza e disponibilit\u00e0 delle informazioni \/...","og_url":"https:\/\/www.aeon.it\/it\/impressum\/","og_site_name":"AEON","article_modified_time":"2026-02-27T12:21:55+00:00","twitter_card":"summary_large_image","twitter_misc":{"Tempo di lettura stimato":"4 minuti"},"schema":{"@context":"https:\/\/schema.org","@graph":[{"@type":"WebPage","@id":"https:\/\/www.aeon.it\/it\/impressum\/","url":"https:\/\/www.aeon.it\/it\/impressum\/","name":"Chi siamo - AEON","isPartOf":{"@id":"https:\/\/www.aeon.it\/it\/#website"},"datePublished":"2021-02-03T12:11:00+00:00","dateModified":"2026-02-27T12:21:55+00:00","breadcrumb":{"@id":"https:\/\/www.aeon.it\/it\/impressum\/#breadcrumb"},"inLanguage":"it-IT","potentialAction":[{"@type":"ReadAction","target":["https:\/\/www.aeon.it\/it\/impressum\/"]}]},{"@type":"BreadcrumbList","@id":"https:\/\/www.aeon.it\/it\/impressum\/#breadcrumb","itemListElement":[{"@type":"ListItem","position":1,"name":"Home","item":"https:\/\/www.aeon.it\/it\/"},{"@type":"ListItem","position":2,"name":"Chi siamo"}]},{"@type":"WebSite","@id":"https:\/\/www.aeon.it\/it\/#website","url":"https:\/\/www.aeon.it\/it\/","name":"AEON","description":"","publisher":{"@id":"https:\/\/www.aeon.it\/it\/#organization"},"potentialAction":[{"@type":"SearchAction","target":{"@type":"EntryPoint","urlTemplate":"https:\/\/www.aeon.it\/it\/?s={search_term_string}"},"query-input":"required name=search_term_string"}],"inLanguage":"it-IT"},{"@type":"Organization","@id":"https:\/\/www.aeon.it\/it\/#organization","name":"Aeon","url":"https:\/\/www.aeon.it\/it\/","logo":{"@type":"ImageObject","inLanguage":"it-IT","@id":"https:\/\/www.aeon.it\/it\/#\/schema\/logo\/image\/","url":"https:\/\/www.aeon.it\/wp-content\/uploads\/2021\/02\/favicon.png","contentUrl":"https:\/\/www.aeon.it\/wp-content\/uploads\/2021\/02\/favicon.png","width":1000,"height":1000,"caption":"Aeon"},"image":{"@id":"https:\/\/www.aeon.it\/it\/#\/schema\/logo\/image\/"}}]}},"_links":{"self":[{"href":"https:\/\/www.aeon.it\/it\/wp-json\/wp\/v2\/pages\/762","targetHints":{"allow":["GET"]}}],"collection":[{"href":"https:\/\/www.aeon.it\/it\/wp-json\/wp\/v2\/pages"}],"about":[{"href":"https:\/\/www.aeon.it\/it\/wp-json\/wp\/v2\/types\/page"}],"author":[{"embeddable":true,"href":"https:\/\/www.aeon.it\/it\/wp-json\/wp\/v2\/users\/1"}],"replies":[{"embeddable":true,"href":"https:\/\/www.aeon.it\/it\/wp-json\/wp\/v2\/comments?post=762"}],"version-history":[{"count":7,"href":"https:\/\/www.aeon.it\/it\/wp-json\/wp\/v2\/pages\/762\/revisions"}],"predecessor-version":[{"id":3687,"href":"https:\/\/www.aeon.it\/it\/wp-json\/wp\/v2\/pages\/762\/revisions\/3687"}],"wp:attachment":[{"href":"https:\/\/www.aeon.it\/it\/wp-json\/wp\/v2\/media?parent=762"}],"curies":[{"name":"wp","href":"https:\/\/api.w.org\/{rel}","templated":true}]}}