{"id":755,"date":"2021-02-03T12:11:09","date_gmt":"2021-02-03T12:11:09","guid":{"rendered":"http:\/\/neu.aeon.it.pepe.koerbler.com\/agb\/"},"modified":"2024-06-20T13:22:38","modified_gmt":"2024-06-20T13:22:38","slug":"agb","status":"publish","type":"page","link":"https:\/\/www.aeon.it\/it\/agb\/","title":{"rendered":"Termini e condizioni generali"},"content":{"rendered":"\n<div style=\"height:100px\" aria-hidden=\"true\" class=\"wp-block-spacer\"><\/div>\n\n\n\n<p><strong>PREZZI<\/strong><\/p>\n\n\n\n<p>I prezzi si intendono per persona, con un\u2019occupazione minima di due persone per camera, e comprendono la colazione, l\u2019uso delle strutture di benessere AEON, tutte le imposte e tasse. I prezzo sono soggetti all\u2018aggiunta dell\u2019imposta di soggiorno che ammonta a Euro 2,50 per persona a giorno, e che si paga in loco. In caso di aumento dell\u2019aliquota IVA, i prezzi saranno adeguatamente allineati. <\/p>\n\n\n\n<p>I nostri prezzi sono fatti a base di un sistema di prezzi flessibile e vengono calcolati in base al periodo e alla disponibilit\u00e0. I prezzi nelle nostre offerte scritte sono garantiti per 48 ore e devono essere ricalcolati dopo la scadenza.<\/p>\n\n\n\n<p>Per le camere ad uso singolo viene aggiunto il 70% al prezzo di persona. <\/p>\n\n\n\n<p><\/p>\n\n\n\n<p><strong>ADULTS ONLY<\/strong><\/p>\n\n\n\n<p>La nostra struttura \u00e8 specializzata nel soggiorno di ospiti adulti. <br>Purtroppo non possiamo accettare bambini e ragazzi sotto i 18 anni,&nbsp;<br><br><strong>SOVRAPPREZZI<\/strong><\/p>\n\n\n\n<p>Per la cena, a seconda dell&#8217;offerta, saranno addebitati i singoli piatti o il prezzo del men\u00f9 indicato sulla carta del men\u00f9. <br>Il prezzo di una camera ad uso singolo verra messa in conto con il prezzo giornaliero a persona aggiunto il 70%.<br><strong><br>SCONTI<\/strong><\/p>\n\n\n\n<p>La terza persona in una \u201eBeyond&amp;Above Suite\u201c (letto supplementare\/divano) riceve uno sconto del 30%. <br>I nostri prezzi speciali e sconti verrano publicati sul nostro sito web e possono essere prenotati solo tramitte una prenotazione diretta. <\/p>\n\n\n\n<p><\/p>\n\n\n\n<p><strong>ARRIVO E PARTENZA<\/strong><br>Il giorno dell\u2019arrivo le camere e le suite saranno a vostra disposizione dalle ore 15.00. Nel caso in cui doveste arriva pi\u00f9 tardi delle 19.00 vi preghiamo di notificarlo. Il giorno della partenza vi chiediamo di liberare la vostra stanza o suite non oltre le ore 11.00. In caso di partenza anticipata o di arrivo ritardato addebitiamo il 100% del soggiorno prenotato. Vi consigliamo di stipulare una polizza assicurativa di annullamento del viaggio.<br><br><strong>CANCELLAZIONI<\/strong><\/p>\n\n\n\n<p><strong>In caso di una disdetta di prenotazione\u2026<\/strong><br>&#8211; Cancellazione gratuita fino a 30 giorni prima dell\u2019arrivo<br>&#8211; da 30 giorni a 15 giorni prima dell\u2019arrivo sar\u00e0 trattenuto il 30% (caparra pagata al momento della prenotazione) dell\u2019importo totale.<br>&#8211; da 15 giorni a 3 giorni prima dell\u2019arrivo sar\u00e0 trattenuto il 50% dell\u2019importo totale.<br>&#8211; da 3 giorni prima dell\u2019arrivo, no show oppure partenza anticipata sar\u00e0 addebitato il 100% dell\u2019importo totale.<\/p>\n\n\n\n<p><\/p>\n\n\n\n<p>I voucher di terze parti devono essere confermati per iscritto dalla reception. Le prenotazioni pagate con voucher di terze parti possono essere cancellate gratuitamente fino a 30 giorni prima dell&#8217;arrivo. Per le cancellazioni effettuate meno di 30 giorni prima dell&#8217;arrivo, il voucher sar\u00e0 annullato e non potr\u00e0 pi\u00f9 essere riscattato.<\/p>\n\n\n\n<p><\/p>\n\n\n\n<p><\/p>\n\n\n\n<p><br><strong>PACCHETTI E OFFERTE<\/strong><br>I pacchetti e le offerte sono prenotabili in anticipo e solo direttamente attraverso AEON hotel. I pacchetti e le offerte non sono prenotabili attraverso intermediari. I prezzi sono per persona. I servizi indicati nei pacchetti non possono essere scambiati. I servizi non utilizzati non saranno rimborsati.<br><br><strong>METODI DI PAGAMENTO<\/strong><br>Per il pagamento del conto dell&#8217;alloggio accettiamo contanti (fino a Euro 999,-), Visa, Euro\/Mastercard, American Express o bancomat.<br><br><strong>ANIMALI<\/strong> DOMESTICI<br>Permettiamo cani di piccola taglia fino a 15 kg nelle nostre camere Garden Retreat. Poich\u00e9 possiamo accogliere al massimo un cane alla volta, vi preghiamo di prenotare con anticipo. Il prezzo giornaliero \u00e8 di 25 euro al giorno, senza cibo incluso. In caso di danni o di necessit\u00e0 di pulizia straordinaria, il costo sar\u00e0 addebitato anche dopo la partenza. Vi ringraziamo per la comprensione e vi informiamo che, al di fuori di queste linee guida, non possiamo fare eccezioni.<\/p>\n\n\n\n<p><\/p>\n\n\n\n<p>RITTEN CARD<\/p>\n\n\n\n<p>La RittenCard verr\u00e0 inviata elettronicamente via e-mail il giorno dell&#8217;arrivo a partire dal 20\/05\/2024. Utilizzeremo i dati da Lei forniti. Tutte le informazioni sulla protezione dei dati sono disponibili sulla nostra pagina dedicata alla PRIVACY.<\/p>\n","protected":false},"excerpt":{"rendered":"<p>PREZZI I prezzi si intendono per persona, con un\u2019occupazione minima di due persone per camera, e comprendono la colazione, l\u2019uso delle strutture di benessere AEON, tutte le imposte e tasse. I prezzo sono soggetti all\u2018aggiunta dell\u2019imposta di soggiorno che ammonta a Euro 2,50 per persona a giorno, e che si paga in loco. In caso&#8230;<\/p>\n","protected":false},"author":1,"featured_media":0,"parent":0,"menu_order":0,"comment_status":"closed","ping_status":"closed","template":"","meta":{"footnotes":""},"class_list":["post-755","page","type-page","status-publish","hentry"],"acf":[],"yoast_head":"<!-- This site is optimized with the Yoast SEO plugin v21.6 - https:\/\/yoast.com\/wordpress\/plugins\/seo\/ -->\n<title>Termini e condizioni generali - AEON<\/title>\n<meta name=\"robots\" content=\"index, follow, max-snippet:-1, max-image-preview:large, max-video-preview:-1\" \/>\n<link rel=\"canonical\" href=\"https:\/\/www.aeon.it\/it\/agb\/\" \/>\n<meta property=\"og:locale\" content=\"it_IT\" \/>\n<meta property=\"og:type\" content=\"article\" \/>\n<meta property=\"og:title\" content=\"Termini e condizioni generali - AEON\" \/>\n<meta property=\"og:description\" content=\"PREZZI I prezzi si intendono per persona, con un\u2019occupazione minima di due persone per camera, e comprendono la colazione, l\u2019uso delle strutture di benessere AEON, tutte le imposte e tasse. I prezzo sono soggetti all\u2018aggiunta dell\u2019imposta di soggiorno che ammonta a Euro 2,50 per persona a giorno, e che si paga in loco. In caso...\" \/>\n<meta property=\"og:url\" content=\"https:\/\/www.aeon.it\/it\/agb\/\" \/>\n<meta property=\"og:site_name\" content=\"AEON\" \/>\n<meta property=\"article:modified_time\" content=\"2024-06-20T13:22:38+00:00\" \/>\n<meta name=\"twitter:card\" content=\"summary_large_image\" \/>\n<meta name=\"twitter:label1\" content=\"Tempo di lettura stimato\" \/>\n\t<meta name=\"twitter:data1\" content=\"4 minuti\" \/>\n<script type=\"application\/ld+json\" class=\"yoast-schema-graph\">{\"@context\":\"https:\/\/schema.org\",\"@graph\":[{\"@type\":\"WebPage\",\"@id\":\"https:\/\/www.aeon.it\/it\/agb\/\",\"url\":\"https:\/\/www.aeon.it\/it\/agb\/\",\"name\":\"Termini e condizioni generali - AEON\",\"isPartOf\":{\"@id\":\"https:\/\/www.aeon.it\/it\/#website\"},\"datePublished\":\"2021-02-03T12:11:09+00:00\",\"dateModified\":\"2024-06-20T13:22:38+00:00\",\"breadcrumb\":{\"@id\":\"https:\/\/www.aeon.it\/it\/agb\/#breadcrumb\"},\"inLanguage\":\"it-IT\",\"potentialAction\":[{\"@type\":\"ReadAction\",\"target\":[\"https:\/\/www.aeon.it\/it\/agb\/\"]}]},{\"@type\":\"BreadcrumbList\",\"@id\":\"https:\/\/www.aeon.it\/it\/agb\/#breadcrumb\",\"itemListElement\":[{\"@type\":\"ListItem\",\"position\":1,\"name\":\"Home\",\"item\":\"https:\/\/www.aeon.it\/it\/\"},{\"@type\":\"ListItem\",\"position\":2,\"name\":\"Termini e condizioni generali\"}]},{\"@type\":\"WebSite\",\"@id\":\"https:\/\/www.aeon.it\/it\/#website\",\"url\":\"https:\/\/www.aeon.it\/it\/\",\"name\":\"AEON\",\"description\":\"\",\"publisher\":{\"@id\":\"https:\/\/www.aeon.it\/it\/#organization\"},\"potentialAction\":[{\"@type\":\"SearchAction\",\"target\":{\"@type\":\"EntryPoint\",\"urlTemplate\":\"https:\/\/www.aeon.it\/it\/?s={search_term_string}\"},\"query-input\":\"required name=search_term_string\"}],\"inLanguage\":\"it-IT\"},{\"@type\":\"Organization\",\"@id\":\"https:\/\/www.aeon.it\/it\/#organization\",\"name\":\"Aeon\",\"url\":\"https:\/\/www.aeon.it\/it\/\",\"logo\":{\"@type\":\"ImageObject\",\"inLanguage\":\"it-IT\",\"@id\":\"https:\/\/www.aeon.it\/it\/#\/schema\/logo\/image\/\",\"url\":\"https:\/\/www.aeon.it\/wp-content\/uploads\/2021\/02\/favicon.png\",\"contentUrl\":\"https:\/\/www.aeon.it\/wp-content\/uploads\/2021\/02\/favicon.png\",\"width\":1000,\"height\":1000,\"caption\":\"Aeon\"},\"image\":{\"@id\":\"https:\/\/www.aeon.it\/it\/#\/schema\/logo\/image\/\"}}]}<\/script>\n<!-- \/ Yoast SEO plugin. -->","yoast_head_json":{"title":"Termini e condizioni generali - AEON","robots":{"index":"index","follow":"follow","max-snippet":"max-snippet:-1","max-image-preview":"max-image-preview:large","max-video-preview":"max-video-preview:-1"},"canonical":"https:\/\/www.aeon.it\/it\/agb\/","og_locale":"it_IT","og_type":"article","og_title":"Termini e condizioni generali - AEON","og_description":"PREZZI I prezzi si intendono per persona, con un\u2019occupazione minima di due persone per camera, e comprendono la colazione, l\u2019uso delle strutture di benessere AEON, tutte le imposte e tasse. I prezzo sono soggetti all\u2018aggiunta dell\u2019imposta di soggiorno che ammonta a Euro 2,50 per persona a giorno, e che si paga in loco. In caso...","og_url":"https:\/\/www.aeon.it\/it\/agb\/","og_site_name":"AEON","article_modified_time":"2024-06-20T13:22:38+00:00","twitter_card":"summary_large_image","twitter_misc":{"Tempo di lettura stimato":"4 minuti"},"schema":{"@context":"https:\/\/schema.org","@graph":[{"@type":"WebPage","@id":"https:\/\/www.aeon.it\/it\/agb\/","url":"https:\/\/www.aeon.it\/it\/agb\/","name":"Termini e condizioni generali - AEON","isPartOf":{"@id":"https:\/\/www.aeon.it\/it\/#website"},"datePublished":"2021-02-03T12:11:09+00:00","dateModified":"2024-06-20T13:22:38+00:00","breadcrumb":{"@id":"https:\/\/www.aeon.it\/it\/agb\/#breadcrumb"},"inLanguage":"it-IT","potentialAction":[{"@type":"ReadAction","target":["https:\/\/www.aeon.it\/it\/agb\/"]}]},{"@type":"BreadcrumbList","@id":"https:\/\/www.aeon.it\/it\/agb\/#breadcrumb","itemListElement":[{"@type":"ListItem","position":1,"name":"Home","item":"https:\/\/www.aeon.it\/it\/"},{"@type":"ListItem","position":2,"name":"Termini e condizioni generali"}]},{"@type":"WebSite","@id":"https:\/\/www.aeon.it\/it\/#website","url":"https:\/\/www.aeon.it\/it\/","name":"AEON","description":"","publisher":{"@id":"https:\/\/www.aeon.it\/it\/#organization"},"potentialAction":[{"@type":"SearchAction","target":{"@type":"EntryPoint","urlTemplate":"https:\/\/www.aeon.it\/it\/?s={search_term_string}"},"query-input":"required name=search_term_string"}],"inLanguage":"it-IT"},{"@type":"Organization","@id":"https:\/\/www.aeon.it\/it\/#organization","name":"Aeon","url":"https:\/\/www.aeon.it\/it\/","logo":{"@type":"ImageObject","inLanguage":"it-IT","@id":"https:\/\/www.aeon.it\/it\/#\/schema\/logo\/image\/","url":"https:\/\/www.aeon.it\/wp-content\/uploads\/2021\/02\/favicon.png","contentUrl":"https:\/\/www.aeon.it\/wp-content\/uploads\/2021\/02\/favicon.png","width":1000,"height":1000,"caption":"Aeon"},"image":{"@id":"https:\/\/www.aeon.it\/it\/#\/schema\/logo\/image\/"}}]}},"_links":{"self":[{"href":"https:\/\/www.aeon.it\/it\/wp-json\/wp\/v2\/pages\/755","targetHints":{"allow":["GET"]}}],"collection":[{"href":"https:\/\/www.aeon.it\/it\/wp-json\/wp\/v2\/pages"}],"about":[{"href":"https:\/\/www.aeon.it\/it\/wp-json\/wp\/v2\/types\/page"}],"author":[{"embeddable":true,"href":"https:\/\/www.aeon.it\/it\/wp-json\/wp\/v2\/users\/1"}],"replies":[{"embeddable":true,"href":"https:\/\/www.aeon.it\/it\/wp-json\/wp\/v2\/comments?post=755"}],"version-history":[{"count":23,"href":"https:\/\/www.aeon.it\/it\/wp-json\/wp\/v2\/pages\/755\/revisions"}],"predecessor-version":[{"id":2956,"href":"https:\/\/www.aeon.it\/it\/wp-json\/wp\/v2\/pages\/755\/revisions\/2956"}],"wp:attachment":[{"href":"https:\/\/www.aeon.it\/it\/wp-json\/wp\/v2\/media?parent=755"}],"curies":[{"name":"wp","href":"https:\/\/api.w.org\/{rel}","templated":true}]}}